{"id":68,"date":"2023-11-24T09:55:54","date_gmt":"2023-11-24T09:55:54","guid":{"rendered":"https:\/\/hajlift.se\/utbildningar\/?post_type=product&#038;p=68"},"modified":"2023-12-18T12:36:50","modified_gmt":"2023-12-18T12:36:50","slug":"fallskyddsutbildning-2","status":"publish","type":"product","link":"https:\/\/hajlift.se\/utbildningar\/product\/fallskyddsutbildning-2\/","title":{"rendered":"Fallskyddsutbildning"},"content":{"rendered":"<h4>Fallskyddskurs inkl r\u00e4ddning \u2013 Vad s\u00e4ger lagen?<\/h4>\n<p>Arbetsgivaren \u00e4r skyldig att se till att det finns utrustning och kunskap s\u00e5 att arbetstagaren kan jobba s\u00e4kert p\u00e5 h\u00f6jder och undvika fallolyckor. I Fallskyddskursen\u00a0l\u00e4r du dig principerna f\u00f6r personlig fallskyddsutrustning och vilken utrustning som kr\u00e4vs f\u00f6r olika typer av arbete. Enligt lagen ska arbetsgivaren instruera och ge \u00f6vning till sin personal som ska arbeta \u00f6ver tv\u00e5 meter d\u00e4r det inte finns skyddsr\u00e4cken. Denna utbildning s\u00e4kerst\u00e4ller att ni har den kunskap som kr\u00e4vs f\u00f6r ett s\u00e4kert arbete med personligt fallskydd. Ausabs\u00a0utbildning f\u00f6ljer alla riktlinjer som beh\u00f6vs enligt lagen.<\/p>\n<p>Enligt AFS 1999:3 57-58 \u00a7 skall risken f\u00f6r att arbetstagaren faller till l\u00e4gre niv\u00e5 vara f\u00f6rebyggd. Om det beh\u00f6vs skall skyddsr\u00e4cken, arbetsplattformar, arbetskorgar eller st\u00e4llningar anv\u00e4ndas. Om skyddsr\u00e4cken eller utrustning inte kan anv\u00e4ndas p\u00e5 grund av arbetets art skall personlig fallskyddsutrustning anv\u00e4ndas.<\/p>\n<p>AFS 2006:6 3 \u00a7 beskriver att arbetsf\u00f6rh\u00e5llandena skall unders\u00f6kas och riskerna bed\u00f6mas n\u00e4r lyftanordningar och lyftredskap skall anv\u00e4ndas.\u00a0AFS 2006:6 15 \u00a7 f\u00f6rtydligar att en personlig fallskyddsutrustning skall anv\u00e4ndas om det beh\u00f6vs f\u00f6r s\u00e4kert tilltr\u00e4de till lyftanordningens olika delar eller om det finns risk f\u00f6r att lyftanordningen blir p\u00e5k\u00f6rd av annan anordning eller fordon.<\/p>\n<p>AFS 2001:3 4 \u00a7 klarg\u00f6r att arbetsgivaren skall, utan kostnad f\u00f6r arbetstagaren, tillhandah\u00e5lla den personliga skyddsutrustning som beh\u00f6vs f\u00f6r arbetet.<br \/>\nArbetsgivaren skall enligt AFS 2001:3 10 \u00a7 p\u00e5 f\u00f6rhand informera arbetstagaren om de risker som den aktuella personliga skyddsutrustningen skall skydda mot. Arbetsgivaren skall \u00e4ven ordna med instruktion och \u00f6vning och, om det beh\u00f6vs, demonstrera hur utrustningen skall anv\u00e4ndas s\u00e5 att avsedd skyddseffekt uppn\u00e5s.<\/p>\n<p><strong>Teori:<\/strong>\u00a0Webben\/l\u00e4rarledd<br \/>\n<strong>Praktik:<\/strong>\u00a0Krav<br \/>\n<strong>Intyg:<\/strong>\u00a0Efter godk\u00e4nt prov skickas utbildningsbevis till kursdeltagarna elektroniskt.<br \/>\n<strong>F\u00f6rkunskaper\/grundl\u00e4ggande krav:<\/strong>\u00a0God f\u00f6rst\u00e5else i svenska spr\u00e5ket.<\/p>\n","protected":false},"excerpt":{"rendered":"<p>I v\u00e5r fallskyddsutbildning kan man v\u00e4lja l\u00e4rarledd teori eller teori online men f\u00f6r b\u00e5da alternativen har vi praktik i v\u00e5ra lokaler och genomf\u00f6r \u00e4ven r\u00e4ddningsarbete i v\u00e5r praktikdel.<\/p>\n","protected":false},"featured_media":69,"comment_status":"open","ping_status":"closed","template":"","meta":[],"product_cat":[15],"product_tag":[],"class_list":{"0":"post-68","1":"product","2":"type-product","3":"status-publish","4":"has-post-thumbnail","6":"product_cat-yrkesutbildningar","8":"first","9":"instock","10":"taxable","11":"shipping-taxable","12":"product-type-simple"},"_links":{"self":[{"href":"https:\/\/hajlift.se\/utbildningar\/wp-json\/wp\/v2\/product\/68","targetHints":{"allow":["GET"]}}],"collection":[{"href":"https:\/\/hajlift.se\/utbildningar\/wp-json\/wp\/v2\/product"}],"about":[{"href":"https:\/\/hajlift.se\/utbildningar\/wp-json\/wp\/v2\/types\/product"}],"replies":[{"embeddable":true,"href":"https:\/\/hajlift.se\/utbildningar\/wp-json\/wp\/v2\/comments?post=68"}],"wp:featuredmedia":[{"embeddable":true,"href":"https:\/\/hajlift.se\/utbildningar\/wp-json\/wp\/v2\/media\/69"}],"wp:attachment":[{"href":"https:\/\/hajlift.se\/utbildningar\/wp-json\/wp\/v2\/media?parent=68"}],"wp:term":[{"taxonomy":"product_cat","embeddable":true,"href":"https:\/\/hajlift.se\/utbildningar\/wp-json\/wp\/v2\/product_cat?post=68"},{"taxonomy":"product_tag","embeddable":true,"href":"https:\/\/hajlift.se\/utbildningar\/wp-json\/wp\/v2\/product_tag?post=68"}],"curies":[{"name":"wp","href":"https:\/\/api.w.org\/{rel}","templated":true}]}}