{"id":75,"date":"2023-11-27T13:48:06","date_gmt":"2023-11-27T13:48:06","guid":{"rendered":"https:\/\/hajlift.se\/utbildningar\/?post_type=product&#038;p=75"},"modified":"2023-11-27T13:48:06","modified_gmt":"2023-11-27T13:48:06","slug":"liftutbildning","status":"publish","type":"product","link":"https:\/\/hajlift.se\/utbildningar\/product\/liftutbildning\/","title":{"rendered":"Liftutbildning"},"content":{"rendered":"<p>Vi anordningar alla olika sorters liftutbildningar sl\u00e4pvagnslift, saxlift och bomlift. I v\u00e5ra egna teorilokaler p\u00e5 \u00f6verv\u00e5ningen till v\u00e5r maskinuthyrning blir det enkelt och smidigt att kombinera teori och praktik. I alla v\u00e5ra utbildningar ing\u00e5r praktiska \u00f6vningar och vid d\u00e5ligt v\u00e4der har vi m\u00f6jlighet att vara inne i v\u00e5r stora maskinhall.<\/p>\n<p>Vi anordnar b\u00e5de \u00f6ppna kurser och f\u00f6retagsanpassade utbildningar. Det g\u00e5r bra att anm\u00e4la sitt intresse f\u00f6r att g\u00e5 kursen och n\u00e4r vi har f\u00e5tt ihop tillr\u00e4ckligt antal s\u00e4tter vi ett datum som passar s\u00e5 m\u00e5nga som m\u00f6jligt vid varje tillf\u00e4lle. D\u00e5 blir det enkelt att anm\u00e4la enstaka eller n\u00e5gra till en grupputbildning som h\u00e5lls ihop med deltagare ifr\u00e5n flera f\u00f6retag.<\/p>\n<p>Vi k\u00f6r \u00e4ven sk. hybridutbildningar d\u00e4r kunderna enkelt och smidigt g\u00f6r teoridelen online och sedan praktik och uppk\u00f6rning hos oss p\u00e5 Hajlift. Detta har varit mycket tidsbesparande f\u00f6r v\u00e5ra kunder och ett v\u00e4ldigt uppskattat och kvalitativt uppl\u00e4gg. Vi samarbetar med\u00a0<a href=\"http:\/\/liftutbildningen.nu\/\">liftutbildning.nu<\/a>\u00a0och\u00a0<a href=\"http:\/\/fallskyddsutbildningen.nu\/\">fallskyddsutbildning.nu<\/a><\/p>\n<p>H\u00e4r hittar ni mer information om g\u00e4llande\u00a0<a href=\"https:\/\/www.av.se\/produktion-industri-och-logistik\/maskiner-och-arbetsutrustning\/kranar-lyftar-och-lyftredskap\/fragor-och-svar-om-lyftanordningar2\/\">regelverk<\/a>.<\/p>\n<p>Kontakta oss p\u00e5 0322-125 85 eller info@hajlift.se.\u00a0<a href=\"https:\/\/hajlift.se\/maskinuthyrning-alingsas\/\">Mer\u2026<\/a><\/p>\n<p>Ansvarig utbildare: Lars B\u00e4ckegren,<\/p>\n","protected":false},"excerpt":{"rendered":"<p>L\u00e4rarledd teori eller online och praktik p\u00e5 saxlift, bomlift och sl\u00e4pvagnslift ger beh\u00f6righet till alla liftar.<\/p>\n","protected":false},"featured_media":76,"comment_status":"open","ping_status":"closed","template":"","meta":[],"product_cat":[15],"product_tag":[],"class_list":{"0":"post-75","1":"product","2":"type-product","3":"status-publish","4":"has-post-thumbnail","6":"product_cat-yrkesutbildningar","8":"first","9":"instock","10":"taxable","11":"shipping-taxable","12":"product-type-simple"},"_links":{"self":[{"href":"https:\/\/hajlift.se\/utbildningar\/wp-json\/wp\/v2\/product\/75","targetHints":{"allow":["GET"]}}],"collection":[{"href":"https:\/\/hajlift.se\/utbildningar\/wp-json\/wp\/v2\/product"}],"about":[{"href":"https:\/\/hajlift.se\/utbildningar\/wp-json\/wp\/v2\/types\/product"}],"replies":[{"embeddable":true,"href":"https:\/\/hajlift.se\/utbildningar\/wp-json\/wp\/v2\/comments?post=75"}],"wp:featuredmedia":[{"embeddable":true,"href":"https:\/\/hajlift.se\/utbildningar\/wp-json\/wp\/v2\/media\/76"}],"wp:attachment":[{"href":"https:\/\/hajlift.se\/utbildningar\/wp-json\/wp\/v2\/media?parent=75"}],"wp:term":[{"taxonomy":"product_cat","embeddable":true,"href":"https:\/\/hajlift.se\/utbildningar\/wp-json\/wp\/v2\/product_cat?post=75"},{"taxonomy":"product_tag","embeddable":true,"href":"https:\/\/hajlift.se\/utbildningar\/wp-json\/wp\/v2\/product_tag?post=75"}],"curies":[{"name":"wp","href":"https:\/\/api.w.org\/{rel}","templated":true}]}}