{"id":77,"date":"2023-11-28T12:54:34","date_gmt":"2023-11-28T12:54:34","guid":{"rendered":"https:\/\/hajlift.se\/utbildningar\/?post_type=product&#038;p=77"},"modified":"2023-12-18T12:55:01","modified_gmt":"2023-12-18T12:55:01","slug":"truckutbilning-ab","status":"publish","type":"product","link":"https:\/\/hajlift.se\/utbildningar\/product\/truckutbilning-ab\/","title":{"rendered":"Truckutbilning A+B"},"content":{"rendered":"<div class=\"elementor-element elementor-element-87e5d91 elementor-widget elementor-widget-heading\" data-id=\"87e5d91\" data-element_type=\"widget\" data-widget_type=\"heading.default\">\n<div class=\"elementor-widget-container\">\n<h4 class=\"elementor-heading-title elementor-size-default\">Kursbeskrivning<\/h4>\n<\/div>\n<\/div>\n<div class=\"elementor-element elementor-element-5d9be8d elementor-widget elementor-widget-woocommerce-product-content\" data-id=\"5d9be8d\" data-element_type=\"widget\" data-widget_type=\"woocommerce-product-content.default\">\n<div class=\"elementor-widget-container\">\n<p>Truckutbildningen f\u00f6ljer l\u00e4roplanen TLP10.<\/p>\n<p>F\u00f6r att f\u00e5 anv\u00e4nda truck p\u00e5 arbetsplatsen kr\u00e4vs dokumenterade teoretiska och praktiska kunskaper. Enligt Arbetsmilj\u00f6lagen ska arbetsgivaren se till att arbetstagaren har den utbildning som beh\u00f6vs f\u00f6r\u00a0arbetsuppgiften. Denna truckkurs f\u00f6ljer Truckl\u00e4roplanen och \u00e4r framtagen av certifierade och erfarna instrukt\u00f6rer.<\/p>\n<p><strong>Teori<\/strong>: Webben<br \/>\n<strong>Praktik:<\/strong>\u00a0Krav<br \/>\n<strong>Intyg:<\/strong>\u00a0Efter godk\u00e4nt prov skickas utbildningsbevis till kursdeltagarna elektroniskt.<br \/>\n<strong>F\u00f6rkunskaper\/grundl\u00e4ggande krav:<\/strong>\u00a0<strong>\u00a0<\/strong>18\u00e5r, God f\u00f6rst\u00e5else i svenska spr\u00e5ket.<\/p>\n<\/div>\n<\/div>\n","protected":false},"excerpt":{"rendered":"<p>Truckutbildning i v\u00e5ra lokaler p\u00e5 G\u00f6teborgsv\u00e4gen 10. Teorin kan v\u00e4ljas som l\u00e4rarledd i v\u00e5ra lokaler alternativt online och d\u00e5 l\u00e4ser man teorin p\u00e5 egen hand f\u00f6r att sedan komma till oss f\u00f6r praktiska \u00f6vningar och uppk\u00f6rning.<\/p>\n","protected":false},"featured_media":78,"comment_status":"open","ping_status":"closed","template":"","meta":[],"product_cat":[15],"product_tag":[],"class_list":{"0":"post-77","1":"product","2":"type-product","3":"status-publish","4":"has-post-thumbnail","6":"product_cat-yrkesutbildningar","8":"first","9":"instock","10":"taxable","11":"shipping-taxable","12":"product-type-simple"},"_links":{"self":[{"href":"https:\/\/hajlift.se\/utbildningar\/wp-json\/wp\/v2\/product\/77","targetHints":{"allow":["GET"]}}],"collection":[{"href":"https:\/\/hajlift.se\/utbildningar\/wp-json\/wp\/v2\/product"}],"about":[{"href":"https:\/\/hajlift.se\/utbildningar\/wp-json\/wp\/v2\/types\/product"}],"replies":[{"embeddable":true,"href":"https:\/\/hajlift.se\/utbildningar\/wp-json\/wp\/v2\/comments?post=77"}],"wp:featuredmedia":[{"embeddable":true,"href":"https:\/\/hajlift.se\/utbildningar\/wp-json\/wp\/v2\/media\/78"}],"wp:attachment":[{"href":"https:\/\/hajlift.se\/utbildningar\/wp-json\/wp\/v2\/media?parent=77"}],"wp:term":[{"taxonomy":"product_cat","embeddable":true,"href":"https:\/\/hajlift.se\/utbildningar\/wp-json\/wp\/v2\/product_cat?post=77"},{"taxonomy":"product_tag","embeddable":true,"href":"https:\/\/hajlift.se\/utbildningar\/wp-json\/wp\/v2\/product_tag?post=77"}],"curies":[{"name":"wp","href":"https:\/\/api.w.org\/{rel}","templated":true}]}}