{"id":79,"date":"2023-11-28T14:18:08","date_gmt":"2023-11-28T14:18:08","guid":{"rendered":"https:\/\/hajlift.se\/utbildningar\/?post_type=product&#038;p=79"},"modified":"2023-12-18T12:30:38","modified_gmt":"2023-12-18T12:30:38","slug":"heta-arbeten","status":"publish","type":"product","link":"https:\/\/hajlift.se\/utbildningar\/product\/heta-arbeten\/","title":{"rendered":"Heta Arbeten"},"content":{"rendered":"<h4>Beh\u00f6righetsutbildning Heta Arbeten\u00ae<\/h4>\n<p>F\u00f6rs\u00e4kringsbolagen i Sverige st\u00e4ller krav p\u00e5 att den som ska utf\u00f6ra eller vara brandvakt vid brandfarliga heta arbeten p\u00e5 tillf\u00e4llig arbetsplats beh\u00f6ver kunskap och m\u00e5ste vara beh\u00f6rig. \u00c4ven den tillst\u00e5ndsansvarige beh\u00f6ver b\u00e5de kunskap och beh\u00f6righet. Detta \u00e4r utbildningen som ger dig r\u00e4tt beh\u00f6righet.<\/p>\n<p>\u00c4ven du som ska best\u00e4lla brandfarliga heta arbeten som utf\u00f6rs p\u00e5 en tillf\u00e4llig arbetsplats har nytta av denna utbildning. Utbildningen avslutas med ett digitalt certifieringstest. Efter ett godk\u00e4nt resultat erh\u00e5ller deltagaren ett certifikat Heta Arbeten\u00ae och \u00e4r d\u00e5 beh\u00f6rig.<\/p>\n<p>&nbsp;<\/p>\n<p><img loading=\"lazy\" decoding=\"async\" class=\"alignnone wp-image-12780 \" src=\"https:\/\/ausab.se\/wp-content\/plugins\/phastpress\/phast.php\/c2VydmljZT1pbWFnZXMmc3JjPWh0dHBzJTNBJTJGJTJGYXVzYWIuc2UlMkZtZWRpYSUyRmJyYW5kc2t5ZGRzZm9yZW5pbmdlbl9oZXRhYXJiZXRlbl9sb2dvX2FycmFuZ29yLTMwMHg2My5qcGcmY2FjaGVNYXJrZXI9MTY5ODIyNTcyOC02ODg2MDgmdG9rZW49ZTIwZDAzYjg3Y2MwZGJkYw.q.jpg\" sizes=\"auto, (max-width: 239px) 100vw, 239px\" srcset=\"https:\/\/ausab.se\/wp-content\/plugins\/phastpress\/phast.php\/c2VydmljZT1pbWFnZXMmc3JjPWh0dHBzJTNBJTJGJTJGYXVzYWIuc2UlMkZtZWRpYSUyRmJyYW5kc2t5ZGRzZm9yZW5pbmdlbl9oZXRhYXJiZXRlbl9sb2dvX2FycmFuZ29yLTMwMHg2My5qcGcmY2FjaGVNYXJrZXI9MTY5ODIyNTcyOC02ODg2MDgmdG9rZW49ZTIwZDAzYjg3Y2MwZGJkYw.q.jpg 300w, https:\/\/ausab.se\/wp-content\/plugins\/phastpress\/phast.php\/c2VydmljZT1pbWFnZXMmc3JjPWh0dHBzJTNBJTJGJTJGYXVzYWIuc2UlMkZtZWRpYSUyRmJyYW5kc2t5ZGRzZm9yZW5pbmdlbl9oZXRhYXJiZXRlbl9sb2dvX2FycmFuZ29yLTEwMjR4MjE1LmpwZyZjYWNoZU1hcmtlcj0xNjk4MjI1NzI5LTcyOTI4MyZ0b2tlbj0wNmNjMzQ1MjFmMTYzYTBm.q.jpg 1024w, https:\/\/ausab.se\/wp-content\/plugins\/phastpress\/phast.php\/c2VydmljZT1pbWFnZXMmc3JjPWh0dHBzJTNBJTJGJTJGYXVzYWIuc2UlMkZtZWRpYSUyRmJyYW5kc2t5ZGRzZm9yZW5pbmdlbl9oZXRhYXJiZXRlbl9sb2dvX2FycmFuZ29yLTc2OHgxNjEuanBnJmNhY2hlTWFya2VyPTE2OTgyMjU3MjktNzE0NjQzJnRva2VuPTdmM2RhMWMxNTcwZDE1N2Q.q.jpg 768w, https:\/\/ausab.se\/wp-content\/plugins\/phastpress\/phast.php\/c2VydmljZT1pbWFnZXMmc3JjPWh0dHBzJTNBJTJGJTJGYXVzYWIuc2UlMkZtZWRpYSUyRmJyYW5kc2t5ZGRzZm9yZW5pbmdlbl9oZXRhYXJiZXRlbl9sb2dvX2FycmFuZ29yLTE1MzZ4MzIzLmpwZyZjYWNoZU1hcmtlcj0xNjk4MjI1NzI5LTc2MTE1NyZ0b2tlbj0yNzBlNDdhNjFmNTcwMWJm.q.jpg 1536w, https:\/\/ausab.se\/wp-content\/plugins\/phastpress\/phast.php\/c2VydmljZT1pbWFnZXMmc3JjPWh0dHBzJTNBJTJGJTJGYXVzYWIuc2UlMkZtZWRpYSUyRmJyYW5kc2t5ZGRzZm9yZW5pbmdlbl9oZXRhYXJiZXRlbl9sb2dvX2FycmFuZ29yLTIwNDh4NDMwLmpwZyZjYWNoZU1hcmtlcj0xNjk4MjI1NzI5LTc5Mjk3NSZ0b2tlbj05YzY3MjAxM2I3NGJjZDEx.q.jpg 2048w, data:image\/jpeg;base64,\/9j\/7gAOQWRvYmUAZAAAAAAC\/9sAQwAGBAQFBAQGBQUFBgYGBwkOCQkICAkSDQ0KDhUSFhYVEhQUFxohHBcYHxkUFB0nHR8iIyUlJRYcKSwoJCshJCUk\/9sAQwEGBgYJCAkRCQkRJBgUGCQkJCQkJCQkJCQkJCQkJCQkJCQkJCQkJCQkJCQkJCQkJCQkJCQkJCQkJCQkJCQkJCQk\/8AAFAgABAASBAERAAIRAQMRAQQRAP\/EABcAAAMBAAAAAAAAAAAAAAAAAAMGBwX\/xAAmEAABAwMDAgcAAAAAAAAAAAABAgMFAAQREiExBmEHEyVSYqGi\/8QAFwEAAwEAAAAAAAAAAAAAAAAAAAEGAv\/EABwRAAMAAQUAAAAAAAAAAAAAAAACEQEDBhIhYf\/aAA4EAQACEQMRBAAAPwCR+J7tnZXUMGYeOAfj0OqHlqACic7YVWcE1tpnyutzbLRp34X7q5x9DVspm6eZKXFboI345yDSUiRtwCkxMecHkpXnk\/LvThT0wzKyynx6teJzgEDR2Ht7UFUg3qOI6xAzxoVt90QVHBEY7oTmUkCcDJLid\/zX\/9k= 18w, https:\/\/ausab.se\/wp-content\/plugins\/phastpress\/phast.php\/c2VydmljZT1pbWFnZXMmc3JjPWh0dHBzJTNBJTJGJTJGYXVzYWIuc2UlMkZtZWRpYSUyRmJyYW5kc2t5ZGRzZm9yZW5pbmdlbl9oZXRhYXJiZXRlbl9sb2dvX2FycmFuZ29yLTYwMHgxMjYuanBnJmNhY2hlTWFya2VyPTE2OTgyMjU3MjktNzA1MTQwJnRva2VuPTMyZjhlZjZhNTU3YjI3Yjk.q.jpg 600w, https:\/\/ausab.se\/wp-content\/plugins\/phastpress\/phast.php\/c2VydmljZT1pbWFnZXMmc3JjPWh0dHBzJTNBJTJGJT\/JGYXVzYWIuc2UlMkZtZWRpYSUyRmVsZW1lbnRvciUyRnRodW1icyUyRmJyYW5kc2t5ZGRzZm9yZW5pbmdlbl9oZXRhYXJiZXRlbl9sb2dvX2FycmFuZ29yLXFlZGoyenUxZjhuMTNxeWx0b3kxNW40bHp1a25seHMwMDducGtia2dvYy5qcGcmY2FjaGVNYXJrZXI9MTY5ODIyNjE5My03ODQzJnRva2VuPTQ3OGM1MWYxZWFjMTUyYTA.q.jpg 296w, https:\/\/ausab.se\/wp-content\/plugins\/phastpress\/phast.php\/c2VydmljZT1pbWFnZXMmc3JjPWh0dHBzJTNBJTJGJT\/JGYXVzYWIuc2UlMkZtZWRpYSUyRmVsZW1lbnRvciUyRnRodW1icyUyRmJyYW5kc2t5ZGRzZm9yZW5pbmdlbl9oZXRhYXJiZXRlbl9sb2dvX2FycmFuZ29yLXFlZGoyenUwcThxaW95YmIyNTk5c2g0MXJ6dmluYWMybWN3emtqeGwxMC5qcGcmY2FjaGVNYXJrZXI9MTY5ODIyNjIyOS02MDM1JnRva2VuPTdiMWFlZDZjMzM0MTAwM2Q.q.jpg 239w\" alt=\"\" width=\"239\" height=\"50\" \/><\/p>\n","protected":false},"excerpt":{"rendered":"<p>Du som ska utf\u00f6ra brandfarliga heta arbeten p\u00e5 en tillf\u00e4llig arbetsplats, vara brandvakt eller utf\u00e4rda tillst\u00e5nd beh\u00f6ver kunskap och vara beh\u00f6rig. \u00c4ven du som ska best\u00e4lla heta arbeten har nytta av denna utbildning.<\/p>\n","protected":false},"featured_media":80,"comment_status":"open","ping_status":"closed","template":"","meta":[],"product_cat":[15],"product_tag":[],"class_list":{"0":"post-79","1":"product","2":"type-product","3":"status-publish","4":"has-post-thumbnail","6":"product_cat-yrkesutbildningar","8":"first","9":"instock","10":"taxable","11":"shipping-taxable","12":"product-type-simple"},"_links":{"self":[{"href":"https:\/\/hajlift.se\/utbildningar\/wp-json\/wp\/v2\/product\/79","targetHints":{"allow":["GET"]}}],"collection":[{"href":"https:\/\/hajlift.se\/utbildningar\/wp-json\/wp\/v2\/product"}],"about":[{"href":"https:\/\/hajlift.se\/utbildningar\/wp-json\/wp\/v2\/types\/product"}],"replies":[{"embeddable":true,"href":"https:\/\/hajlift.se\/utbildningar\/wp-json\/wp\/v2\/comments?post=79"}],"wp:featuredmedia":[{"embeddable":true,"href":"https:\/\/hajlift.se\/utbildningar\/wp-json\/wp\/v2\/media\/80"}],"wp:attachment":[{"href":"https:\/\/hajlift.se\/utbildningar\/wp-json\/wp\/v2\/media?parent=79"}],"wp:term":[{"taxonomy":"product_cat","embeddable":true,"href":"https:\/\/hajlift.se\/utbildningar\/wp-json\/wp\/v2\/product_cat?post=79"},{"taxonomy":"product_tag","embeddable":true,"href":"https:\/\/hajlift.se\/utbildningar\/wp-json\/wp\/v2\/product_tag?post=79"}],"curies":[{"name":"wp","href":"https:\/\/api.w.org\/{rel}","templated":true}]}}