{"id":81,"date":"2023-11-28T15:05:17","date_gmt":"2023-11-28T15:05:17","guid":{"rendered":"https:\/\/hajlift.se\/utbildningar\/?post_type=product&#038;p=81"},"modified":"2023-12-18T12:32:07","modified_gmt":"2023-12-18T12:32:07","slug":"sakrare-lyft-iso","status":"publish","type":"product","link":"https:\/\/hajlift.se\/utbildningar\/product\/sakrare-lyft-iso\/","title":{"rendered":"S\u00e4krare Lyft &#8211; ISO"},"content":{"rendered":"<div class=\"elementor-element elementor-element-87e5d91 elementor-widget elementor-widget-heading\" data-id=\"87e5d91\" data-element_type=\"widget\" data-widget_type=\"heading.default\">\n<div class=\"elementor-widget-container\">\n<h4 class=\"elementor-heading-title elementor-size-default\">Kursbeskrivning<\/h4>\n<\/div>\n<\/div>\n<div class=\"elementor-element elementor-element-5d9be8d elementor-widget elementor-widget-woocommerce-product-content\" data-id=\"5d9be8d\" data-element_type=\"widget\" data-widget_type=\"woocommerce-product-content.default\">\n<div class=\"elementor-widget-container\">\n<p>S\u00e4krare Lyft-ISO utbildningen \u00e4r ut\u00f6kad med praktiska moment f\u00f6r att deltagarna ska kunna utf\u00f6ra sina lyftoperationer tryggt och s\u00e4kert.\u00a0Den h\u00e4r utbildningen ger er kunskap i planering och s\u00e4kert utf\u00f6rande av lyftarbete i enlighet med SS-ISO 23 853 samt AFS 2006:6.<\/p>\n<p>Alla som genomf\u00f6r tunga lyft m\u00e5ste kunna arbeta effektivt och s\u00e4kert samt veta hur man hanterar och kopplar olika typer av lyftredskap. Kunskap om roller, ansvar och<br \/>\nsignalering \u00e4r ocks\u00e5 viktigt. Kursen v\u00e4nder sig till alla som i arbetet ska koppla en last till tornkran, travers, kranbil eller andra lyftanordningar f\u00f6r hantering av gods.<\/p>\n<p>Utbildningen \u00e4r teoretisk och praktisk. De praktiska momenten genomf\u00f6rs med hj\u00e4lp av en fordonsmonterad kran alt. hjullastare med monterad kranarm samt olika lyftobjekt och f\u00f6ljer aktuella lagar, f\u00f6reskrifter och standarder.<\/p>\n<p>Efter genomf\u00f6rd utbildning och godk\u00e4nda prov erh\u00e5ller deltagarna utbildningsbevis och ett personligt certifikat till deltagaren.<\/p>\n<p><strong>Kursinneh\u00e5ll<\/strong><\/p>\n<ul>\n<li>Planering och riskbed\u00f6mning<\/li>\n<li>Roller och ansvar vid lyftarbete<\/li>\n<li>Lastkoppling och lyftredskap<\/li>\n<li>Lyftvinklar och lyfttabeller<\/li>\n<li>Kontroll och besiktning<\/li>\n<li>Lagar, f\u00f6reskrifter och standarder<\/li>\n<li>Teoretiskt prov<\/li>\n<li>Praktiska \u00f6vningar<\/li>\n<\/ul>\n<p><strong>Deltagarna ska ha f\u00f6ljande skyddskl\u00e4der vid de praktiska momenten<\/strong><\/p>\n<ul>\n<li>Varselkl\u00e4der, skyddsskor med st\u00e5lh\u00e4tta, hj\u00e4lm och arbetshandskar.<\/li>\n<\/ul>\n<p><strong>Datum &amp; Plats<\/strong><br \/>\nKursen genomf\u00f6rs hos oss eller hos er.<br \/>\nAntal deltagare: 5\u201320<br \/>\nTid: 8 tim<br \/>\nInkl. Registrering p\u00e5 ID06<\/p>\n<\/div>\n<\/div>\n","protected":false},"excerpt":{"rendered":"<p>S\u00e4krare Lyft-ISO utbildningen \u00e4r ut\u00f6kad med praktiska moment f\u00f6r att deltagarna ska kunna utf\u00f6ra sina lyftoperationer tryggt och s\u00e4kert.<\/p>\n<p>Den h\u00e4r utbildningen ger er kunskap i planering och s\u00e4kert utf\u00f6rande av lyftarbete i enlighet med SS-ISO 23 853 samt AFS 2006:6.<\/p>\n","protected":false},"featured_media":82,"comment_status":"open","ping_status":"closed","template":"","meta":[],"product_cat":[15],"product_tag":[],"class_list":{"0":"post-81","1":"product","2":"type-product","3":"status-publish","4":"has-post-thumbnail","6":"product_cat-yrkesutbildningar","8":"first","9":"instock","10":"taxable","11":"shipping-taxable","12":"product-type-simple"},"_links":{"self":[{"href":"https:\/\/hajlift.se\/utbildningar\/wp-json\/wp\/v2\/product\/81","targetHints":{"allow":["GET"]}}],"collection":[{"href":"https:\/\/hajlift.se\/utbildningar\/wp-json\/wp\/v2\/product"}],"about":[{"href":"https:\/\/hajlift.se\/utbildningar\/wp-json\/wp\/v2\/types\/product"}],"replies":[{"embeddable":true,"href":"https:\/\/hajlift.se\/utbildningar\/wp-json\/wp\/v2\/comments?post=81"}],"wp:featuredmedia":[{"embeddable":true,"href":"https:\/\/hajlift.se\/utbildningar\/wp-json\/wp\/v2\/media\/82"}],"wp:attachment":[{"href":"https:\/\/hajlift.se\/utbildningar\/wp-json\/wp\/v2\/media?parent=81"}],"wp:term":[{"taxonomy":"product_cat","embeddable":true,"href":"https:\/\/hajlift.se\/utbildningar\/wp-json\/wp\/v2\/product_cat?post=81"},{"taxonomy":"product_tag","embeddable":true,"href":"https:\/\/hajlift.se\/utbildningar\/wp-json\/wp\/v2\/product_tag?post=81"}],"curies":[{"name":"wp","href":"https:\/\/api.w.org\/{rel}","templated":true}]}}